{"id":2,"date":"2020-08-09T23:55:20","date_gmt":"2020-08-09T23:55:20","guid":{"rendered":"http:\/\/kulinarne.eu\/?page_id=2"},"modified":"2020-08-12T05:43:56","modified_gmt":"2020-08-12T03:43:56","slug":"sample-page","status":"publish","type":"page","link":"https:\/\/kulinarne.eu\/","title":{"rendered":"Kulinarne.eu &#8211; Gotuj Sama &#8211; Tak dbasz o zdrowie Swoje i Rodziny"},"content":{"rendered":"\n<p>Jak to m\u00f3wi\u0105, jeste\u015b tym co jesz. Kr\u00f3tkie a jak\u017ce prawdziwe stwierdzenie. Gdy jedzenie przygotowuje kto\u015b inny nigdy nie wiesz czego u\u017cy\u0142, jak to robi\u0142 i czy zadba\u0142 o warunki higieniczne. Nie ka\u017cdy ma np. nawyk cz\u0119stego mycia r\u0105k, u\u017cywania innej deski do mi\u0119sa a innej do warzyw czy chleba &#8230; Nie kazdy dba o super czysto\u015b\u0107 miejsca przygotowania posi\u0142ku, czy wykorzystywanych naczy\u0144. Nie ka\u017cdy nale\u017cycie przechowuje produkty, nie ka\u017cdy dba o to by kupi\u0107 produkty dobre i \u015bwie\u017ce lecz ch\u0119tnie kupuje ta\u0144sze.<\/p>\n\n\n\n<p>Gdy sama robisz zakupy wybierasz te kt\u00f3re najbardziej Ci odpowiadaj\u0105 \u015bwie\u017co\u015bci\u0105 i wygl\u0105dem, Gdy sama dbasz o higien\u0119 kuchni, czysto\u015b\u0107 naczy\u0144, no\u017cy, agd wiesz, \u017ce s\u0105 czyste, gdy robisz jedzenie w\u0142asnymi r\u0119kami dbasz by by\u0142y czyste a po wizycie w toalecie zawsze je dobrze myjesz.<\/p>\n\n\n\n<blockquote class=\"wp-block-quote\"><p><\/p><cite><em><strong>&#8222;Nikt nie zadba o Ciebie i Twoj\u0105 rodzin\u0119 tak jak Ty sama&#8221;<\/strong><\/em><\/cite><\/blockquote>\n\n\n\n<p><strong>&#8230; lenistwo nie pop\u0142aca:<\/strong><\/p>\n\n\n\n<blockquote class=\"wp-block-quote\"><p>Pewnie, gdy idziesz do baru, restauracji czy budki fast food czyli na gotowe jest to szybko i niby przyjemnie bo bez pracy, nawet mo\u017ce si\u0119 uda i b\u0119dzie smacznie ale co tak naprawd\u0119 jesz za du\u017ce pieni\u0105dze i gdzie by\u0142y r\u0119ce kucharza nigdy si\u0119 nie dowiesz.<\/p><\/blockquote>\n\n\n\n<p><em>&#8222;Zbiorowe \u017cywienie rz\u0105dzi si\u0119 w\u0142asnymi prawami. gdzie liczy si\u0119 kasa, reszta schodzi na plan dalszy&#8221;<\/em><\/p>\n\n\n\n<br><p class=\"has-drop-cap\">Nowa wersja strony KULINARNE w przygotowaniu &#8230; kolacja, \u015bniadania, obiady, podwieczorki, diety, zupy, drugie dania, ciasta, lody &#8230;<\/p>\n\n\n\n<p><\/p>\n\n\n\n\n\n<figure class=\"wp-block-image size-large\"><img loading=\"lazy\" width=\"637\" height=\"270\" src=\"https:\/\/kulinarne.eu\/wp-content\/uploads\/2020\/08\/2.jpg\" alt=\"Go\u0142\u0105bki w sosie pomidorowym\" class=\"wp-image-22\" srcset=\"https:\/\/kulinarne.eu\/wp-content\/uploads\/2020\/08\/2.jpg 637w, https:\/\/kulinarne.eu\/wp-content\/uploads\/2020\/08\/2-300x127.jpg 300w\" sizes=\"(max-width: 637px) 100vw, 637px\" \/><figcaption><span class=\"has-inline-color has-vivid-red-color\"><strong>Go\u0142\u0105bki w sosie pomidorowym<\/strong><\/span><\/figcaption><\/figure>\n\n\n\n<br><br>\n\n\n\n<figure class=\"wp-block-image size-large\"><img loading=\"lazy\" width=\"637\" height=\"270\" src=\"https:\/\/kulinarne.eu\/wp-content\/uploads\/2020\/08\/3.jpg\" alt=\"\u015al\u0105skie rolady\" class=\"wp-image-24\" srcset=\"https:\/\/kulinarne.eu\/wp-content\/uploads\/2020\/08\/3.jpg 637w, https:\/\/kulinarne.eu\/wp-content\/uploads\/2020\/08\/3-300x127.jpg 300w\" sizes=\"(max-width: 637px) 100vw, 637px\" \/><figcaption><span class=\"has-inline-color has-vivid-purple-color\"><strong>\u015al\u0105skie rolady<\/strong><\/span><\/figcaption><\/figure>\n\n\n\n\n","protected":false},"excerpt":{"rendered":"<p>Jak to m\u00f3wi\u0105, jeste\u015b tym co jesz. Kr\u00f3tkie a jak\u017ce prawdziwe stwierdzenie. Gdy jedzenie przygotowuje kto\u015b inny nigdy nie wiesz czego u\u017cy\u0142, jak to robi\u0142 i czy zadba\u0142 o warunki higieniczne. Nie ka\u017cdy ma np. nawyk cz\u0119stego mycia r\u0105k, u\u017cywania innej deski do mi\u0119sa a innej do warzyw czy chleba &#8230; Nie kazdy dba o [&hellip;]<\/p>\n","protected":false},"author":1,"featured_media":0,"parent":0,"menu_order":0,"comment_status":"closed","ping_status":"open","template":"","meta":[],"_links":{"self":[{"href":"https:\/\/kulinarne.eu\/index.php\/wp-json\/wp\/v2\/pages\/2"}],"collection":[{"href":"https:\/\/kulinarne.eu\/index.php\/wp-json\/wp\/v2\/pages"}],"about":[{"href":"https:\/\/kulinarne.eu\/index.php\/wp-json\/wp\/v2\/types\/page"}],"author":[{"embeddable":true,"href":"https:\/\/kulinarne.eu\/index.php\/wp-json\/wp\/v2\/users\/1"}],"replies":[{"embeddable":true,"href":"https:\/\/kulinarne.eu\/index.php\/wp-json\/wp\/v2\/comments?post=2"}],"version-history":[{"count":33,"href":"https:\/\/kulinarne.eu\/index.php\/wp-json\/wp\/v2\/pages\/2\/revisions"}],"predecessor-version":[{"id":116,"href":"https:\/\/kulinarne.eu\/index.php\/wp-json\/wp\/v2\/pages\/2\/revisions\/116"}],"wp:attachment":[{"href":"https:\/\/kulinarne.eu\/index.php\/wp-json\/wp\/v2\/media?parent=2"}],"curies":[{"name":"wp","href":"https:\/\/api.w.org\/{rel}","templated":true}]}}